{"id":550,"date":"2025-10-31T15:06:11","date_gmt":"2025-10-31T14:06:11","guid":{"rendered":"https:\/\/demo.lbjette.brussels\/?page_id=550"},"modified":"2025-12-03T14:44:01","modified_gmt":"2025-12-03T13:44:01","slug":"herve-doyen","status":"publish","type":"page","link":"https:\/\/lbjette.brussels\/nl\/le-mouvement-lbjette\/herve-doyen\/","title":{"rendered":"Herv\u00e9 Doyen"},"content":{"rendered":"\n<p>Herv\u00e9 Doyen a exerc\u00e9 la fonction de bourgmestre de la commune de Jette (R\u00e9gion de Bruxelles-Capitale) pendant plus de deux d\u00e9cennies.  Il est \u00e9galement ancien d\u00e9put\u00e9 au Parlement de la R\u00e9gion de Bruxelles\u2011Capitale.<br><\/p>\n\n\n\n<p><strong>Donn\u00e9es personnelles et formation<\/strong><\/p>\n\n\n\n<ul class=\"wp-block-list\">\n<li>Date de naissance : 20 novembre 1956, \u00e0 Watermael\u2011Boitsfort (Bruxelles). <\/li>\n\n\n\n<li>Formation : Il a \u00e9tudi\u00e9 pour devenir r\u00e9gent (enseignement secondaire) et a exerc\u00e9 comme professeur de fran\u00e7ais et d\u2019histoire avant son engagement politique.<br><\/li>\n<\/ul>\n\n\n\n<p><strong>Parcours politique<\/strong><\/p>\n\n\n\n<ul class=\"wp-block-list\">\n<li>Il commence son implication politique locale \u00e0 Jette comme vice-pr\u00e9sident du CPAS de Jette entre 1988 et 1994. <\/li>\n\n\n\n<li>En 1994, aux \u00e9lections communales, il devient \u00e9chevin du logement de la commune de Jette. <\/li>\n\n\n\n<li>En novembre 1999, suite au d\u00e9c\u00e8s de l\u2019ancien bourgmestre Jean\u2011Louis Thys, Doyen lui succ\u00e8de \u00e0 la t\u00eate de la commune de Jette. <\/li>\n\n\n\n<li>Il est ensuite confirm\u00e9 \u00e0 ce poste lors des \u00e9lections de 2000, puis r\u00e9\u00e9lu en 2006, 2012 et 2018. <\/li>\n\n\n\n<li>Parall\u00e8lement, il est \u00e9lu d\u00e9put\u00e9 au Parlement de la R\u00e9gion de Bruxelles-Capitale en 2004, et y exerce diverses fonctions, notamment la pr\u00e9sidence de la commission Environnement en 2014.<br><\/li>\n<\/ul>\n\n\n\n<p><strong>Fonctions et r\u00e9alisations marquantes<\/strong><\/p>\n\n\n\n<ul class=\"wp-block-list\">\n<li>Lors de son long mandat \u00e0 Jette, il s\u2019implique dans des projets d\u2019urbanisme, de logement et de mobilit\u00e9. Par exemple, on le mentionne dans le cadre de d\u00e9cisions de la commune visant \u00e0 cr\u00e9er des espaces publics plus conviviaux ou \u00e0 limiter la circulation automobile sur certaines places de Jette. <\/li>\n\n\n\n<li>Sur le plan politique local, il a \u00e9galement \u00e9t\u00e9 \u00e0 l\u2019origine de remaniements de majorit\u00e9 communale \u00e0 Jette. <br><\/li>\n<\/ul>\n\n\n\n<p><strong>Fin de mandat et statut actuel<\/strong><\/p>\n\n\n\n<p>En mars 2022, il passe l\u2019\u00e9charpe mayorale \u00e0 Claire Vandevivere et devient officiellement bourgmestre \u00ab honoraire \u00bb.<\/p>\n\n\n\n<p><\/p>\n","protected":false},"excerpt":{"rendered":"<p>Herv\u00e9 Doyen a exerc\u00e9 la fonction de bourgmestre de la commune de Jette (R\u00e9gion de Bruxelles-Capitale) pendant plus de deux d\u00e9cennies. Il est \u00e9galement ancien d\u00e9put\u00e9 au Parlement de la R\u00e9gion de Bruxelles\u2011Capitale. Donn\u00e9es personnelles et formation Parcours politique Fonctions et r\u00e9alisations marquantes Fin de mandat et statut actuel En mars 2022, il passe l\u2019\u00e9charpe [&hellip;]<\/p>\n","protected":false},"author":1,"featured_media":0,"parent":286,"menu_order":0,"comment_status":"closed","ping_status":"closed","template":"template-figure.blade.php","meta":{"_acf_changed":false,"footnotes":""},"class_list":["post-550","page","type-page","status-publish","hentry"],"acf":[],"yoast_head":"<!-- This site is optimized with the Yoast SEO plugin v26.7 - https:\/\/yoast.com\/wordpress\/plugins\/seo\/ -->\n<title>Herv\u00e9 Doyen - LBJette<\/title>\n<meta name=\"robots\" content=\"index, follow, max-snippet:-1, max-image-preview:large, max-video-preview:-1\" \/>\n<link rel=\"canonical\" href=\"https:\/\/lbjette.brussels\/nl\/le-mouvement-lbjette\/herve-doyen\/\" \/>\n<meta property=\"og:locale\" content=\"nl_NL\" \/>\n<meta property=\"og:type\" content=\"article\" \/>\n<meta property=\"og:title\" content=\"Herv\u00e9 Doyen - LBJette\" \/>\n<meta property=\"og:description\" content=\"Herv\u00e9 Doyen a exerc\u00e9 la fonction de bourgmestre de la commune de Jette (R\u00e9gion de Bruxelles-Capitale) pendant plus de deux d\u00e9cennies. Il est \u00e9galement ancien d\u00e9put\u00e9 au Parlement de la R\u00e9gion de Bruxelles\u2011Capitale. Donn\u00e9es personnelles et formation Parcours politique Fonctions et r\u00e9alisations marquantes Fin de mandat et statut actuel En mars 2022, il passe l\u2019\u00e9charpe [&hellip;]\" \/>\n<meta property=\"og:url\" content=\"https:\/\/lbjette.brussels\/nl\/le-mouvement-lbjette\/herve-doyen\/\" \/>\n<meta property=\"og:site_name\" content=\"LBJette\" \/>\n<meta property=\"article:modified_time\" content=\"2025-12-03T13:44:01+00:00\" \/>\n<meta name=\"twitter:card\" content=\"summary_large_image\" \/>\n<meta name=\"twitter:label1\" content=\"Geschatte leestijd\" \/>\n\t<meta name=\"twitter:data1\" content=\"1 minute\" \/>\n<script type=\"application\/ld+json\" class=\"yoast-schema-graph\">{\"@context\":\"https:\/\/schema.org\",\"@graph\":[{\"@type\":\"WebPage\",\"@id\":\"https:\/\/lbjette.brussels\/nl\/le-mouvement-lbjette\/herve-doyen\/\",\"url\":\"https:\/\/lbjette.brussels\/nl\/le-mouvement-lbjette\/herve-doyen\/\",\"name\":\"Herv\u00e9 Doyen - LBJette\",\"isPartOf\":{\"@id\":\"https:\/\/lbjette.brussels\/#website\"},\"datePublished\":\"2025-10-31T14:06:11+00:00\",\"dateModified\":\"2025-12-03T13:44:01+00:00\",\"breadcrumb\":{\"@id\":\"https:\/\/lbjette.brussels\/nl\/le-mouvement-lbjette\/herve-doyen\/#breadcrumb\"},\"inLanguage\":\"nl-NL\",\"potentialAction\":[{\"@type\":\"ReadAction\",\"target\":[\"https:\/\/lbjette.brussels\/nl\/le-mouvement-lbjette\/herve-doyen\/\"]}]},{\"@type\":\"BreadcrumbList\",\"@id\":\"https:\/\/lbjette.brussels\/nl\/le-mouvement-lbjette\/herve-doyen\/#breadcrumb\",\"itemListElement\":[{\"@type\":\"ListItem\",\"position\":1,\"name\":\"Accueil\",\"item\":\"https:\/\/lbjette.brussels\/nl\/\"},{\"@type\":\"ListItem\",\"position\":2,\"name\":\"De LBJette-beweging\",\"item\":\"https:\/\/lbjette.brussels\/nl\/le-mouvement-lbjette\/\"},{\"@type\":\"ListItem\",\"position\":3,\"name\":\"Herv\u00e9 Doyen\"}]},{\"@type\":\"WebSite\",\"@id\":\"https:\/\/lbjette.brussels\/#website\",\"url\":\"https:\/\/lbjette.brussels\/\",\"name\":\"LBJette\",\"description\":\"L&#039;\u00e9nergie d&#039;une ville, l&#039;esprit d&#039;un village\",\"potentialAction\":[{\"@type\":\"SearchAction\",\"target\":{\"@type\":\"EntryPoint\",\"urlTemplate\":\"https:\/\/lbjette.brussels\/?s={search_term_string}\"},\"query-input\":{\"@type\":\"PropertyValueSpecification\",\"valueRequired\":true,\"valueName\":\"search_term_string\"}}],\"inLanguage\":\"nl-NL\"}]}<\/script>\n<!-- \/ Yoast SEO plugin. -->","yoast_head_json":{"title":"Herv\u00e9 Doyen - LBJette","robots":{"index":"index","follow":"follow","max-snippet":"max-snippet:-1","max-image-preview":"max-image-preview:large","max-video-preview":"max-video-preview:-1"},"canonical":"https:\/\/lbjette.brussels\/nl\/le-mouvement-lbjette\/herve-doyen\/","og_locale":"nl_NL","og_type":"article","og_title":"Herv\u00e9 Doyen - LBJette","og_description":"Herv\u00e9 Doyen a exerc\u00e9 la fonction de bourgmestre de la commune de Jette (R\u00e9gion de Bruxelles-Capitale) pendant plus de deux d\u00e9cennies. Il est \u00e9galement ancien d\u00e9put\u00e9 au Parlement de la R\u00e9gion de Bruxelles\u2011Capitale. Donn\u00e9es personnelles et formation Parcours politique Fonctions et r\u00e9alisations marquantes Fin de mandat et statut actuel En mars 2022, il passe l\u2019\u00e9charpe [&hellip;]","og_url":"https:\/\/lbjette.brussels\/nl\/le-mouvement-lbjette\/herve-doyen\/","og_site_name":"LBJette","article_modified_time":"2025-12-03T13:44:01+00:00","twitter_card":"summary_large_image","twitter_misc":{"Geschatte leestijd":"1 minute"},"schema":{"@context":"https:\/\/schema.org","@graph":[{"@type":"WebPage","@id":"https:\/\/lbjette.brussels\/nl\/le-mouvement-lbjette\/herve-doyen\/","url":"https:\/\/lbjette.brussels\/nl\/le-mouvement-lbjette\/herve-doyen\/","name":"Herv\u00e9 Doyen - LBJette","isPartOf":{"@id":"https:\/\/lbjette.brussels\/#website"},"datePublished":"2025-10-31T14:06:11+00:00","dateModified":"2025-12-03T13:44:01+00:00","breadcrumb":{"@id":"https:\/\/lbjette.brussels\/nl\/le-mouvement-lbjette\/herve-doyen\/#breadcrumb"},"inLanguage":"nl-NL","potentialAction":[{"@type":"ReadAction","target":["https:\/\/lbjette.brussels\/nl\/le-mouvement-lbjette\/herve-doyen\/"]}]},{"@type":"BreadcrumbList","@id":"https:\/\/lbjette.brussels\/nl\/le-mouvement-lbjette\/herve-doyen\/#breadcrumb","itemListElement":[{"@type":"ListItem","position":1,"name":"Accueil","item":"https:\/\/lbjette.brussels\/nl\/"},{"@type":"ListItem","position":2,"name":"De LBJette-beweging","item":"https:\/\/lbjette.brussels\/nl\/le-mouvement-lbjette\/"},{"@type":"ListItem","position":3,"name":"Herv\u00e9 Doyen"}]},{"@type":"WebSite","@id":"https:\/\/lbjette.brussels\/#website","url":"https:\/\/lbjette.brussels\/","name":"LBJette","description":"L&#039;\u00e9nergie d&#039;une ville, l&#039;esprit d&#039;un village","potentialAction":[{"@type":"SearchAction","target":{"@type":"EntryPoint","urlTemplate":"https:\/\/lbjette.brussels\/?s={search_term_string}"},"query-input":{"@type":"PropertyValueSpecification","valueRequired":true,"valueName":"search_term_string"}}],"inLanguage":"nl-NL"}]}},"_links":{"self":[{"href":"https:\/\/lbjette.brussels\/nl\/wp-json\/wp\/v2\/pages\/550","targetHints":{"allow":["GET"]}}],"collection":[{"href":"https:\/\/lbjette.brussels\/nl\/wp-json\/wp\/v2\/pages"}],"about":[{"href":"https:\/\/lbjette.brussels\/nl\/wp-json\/wp\/v2\/types\/page"}],"author":[{"embeddable":true,"href":"https:\/\/lbjette.brussels\/nl\/wp-json\/wp\/v2\/users\/1"}],"replies":[{"embeddable":true,"href":"https:\/\/lbjette.brussels\/nl\/wp-json\/wp\/v2\/comments?post=550"}],"version-history":[{"count":5,"href":"https:\/\/lbjette.brussels\/nl\/wp-json\/wp\/v2\/pages\/550\/revisions"}],"predecessor-version":[{"id":607,"href":"https:\/\/lbjette.brussels\/nl\/wp-json\/wp\/v2\/pages\/550\/revisions\/607"}],"up":[{"embeddable":true,"href":"https:\/\/lbjette.brussels\/nl\/wp-json\/wp\/v2\/pages\/286"}],"wp:attachment":[{"href":"https:\/\/lbjette.brussels\/nl\/wp-json\/wp\/v2\/media?parent=550"}],"curies":[{"name":"wp","href":"https:\/\/api.w.org\/{rel}","templated":true}]}}